{"id":132,"date":"2018-09-05T14:55:43","date_gmt":"2018-09-05T14:55:43","guid":{"rendered":"http:\/\/s752422391.online.de\/?page_id=132"},"modified":"2018-09-05T15:40:33","modified_gmt":"2018-09-05T15:40:33","slug":"2018-2","status":"publish","type":"page","link":"https:\/\/schuetzenverein-langern.de\/start\/aktivitaeten\/2018-2\/","title":{"rendered":"2018"},"content":{"rendered":"<p>Ein \u00dcberblick unserer Aktivit\u00e4ten im Jahre 2018<\/p>\n\n<!-- NOTE: If you need to make changes to this file, copy it to your current theme's main\n\tdirectory so your changes won't be overwritten when the plugin is upgraded. -->\n\n<!-- Post Wrap Start-->\n<div class=\"post hentry ivycat-post\">\n\n\t<!-- \tThis outputs the post TITLE -->\n\t<h2 class=\"entry-title\"><a href=\"https:\/\/schuetzenverein-langern.de\/start\/2018\/2018-gaenseschiessen-und-willi-breer-pokal\/\">G\u00e4nseschie\u00dfen und Willi-Breer-Pokal  2018<\/a><\/h2>\n\n\t<!-- \tThis outputs the post EXCERPT.  To display full content including images and html,\n\t\treplace the_excerpt(); with the_content();  below. -->\n\t<div class=\"entry-summary\">\n\t\t<p>Spannend ging es wieder einmal beim Martinsgansschie\u00dfen des Sch\u00fctzenvereins Langern im Dorfgemeinschaftshaus zu. Etliche Familien hatten am Sonntagnachmittag den Weg dorthin gefunden. Die gl\u00fccklichen Gewinner durften sich \u00fcber die gro\u00dfz\u00fcgigen Preise, gestiftet unter anderem vom derzeitigen K\u00f6nigspaar Michael Gillmann und<\/p>\n\t<\/div>\n\n\t<!--\tThis outputs the post META information -->\n\t<div class=\"entry-utility\">\n\t\t\t\t\t<span class=\"cat-links\">\n\t\t\t\t<span class=\"entry-utility-prep entry-utility-prep-cat-links\">Posted in<\/span> <a href=\"https:\/\/schuetzenverein-langern.de\/start\/category\/aktivitaeten\/2018\/\" rel=\"category tag\">2018<\/a>\t\t\t<\/span>\n\t\t\t<span class=\"meta-sep\">|<\/span>\n\t\t\t\t\t\t<span class=\"comments-link\">\n\t\t\t<a href=\"https:\/\/schuetzenverein-langern.de\/start\/2018\/2018-gaenseschiessen-und-willi-breer-pokal\/#respond\">Leave a comment<\/a>\t\t<\/span>\n\t\t\t<\/div>\n<\/div>\n<!-- \/\/ Post Wrap End -->\n\n<!-- NOTE: If you need to make changes to this file, copy it to your current theme's main\n\tdirectory so your changes won't be overwritten when the plugin is upgraded. -->\n\n<!-- Post Wrap Start-->\n<div class=\"post hentry ivycat-post\">\n\n\t<!-- \tThis outputs the post TITLE -->\n\t<h2 class=\"entry-title\"><a href=\"https:\/\/schuetzenverein-langern.de\/start\/2018\/frauen-nachmittag-2018\/\">Frauen Nachmittag  2018<\/a><\/h2>\n\n\t<!-- \tThis outputs the post EXCERPT.  To display full content including images and html,\n\t\treplace the_excerpt(); with the_content();  below. -->\n\t<div class=\"entry-summary\">\n\t\t<p>Auch dieses Jahr fand wieder der Frauen Nachmittag im Dorfgemeinschaftshaus statt. Bei der gut besuchten Veranstaltung lie\u00dfen sich die Frauen des Sch\u00fctzenvereins von den Offizieren und Sch\u00fctzen mit einem Sektempfang und bei Kaffee und Kuchen bewirten. Zur Unterhaltung trugen ein<\/p>\n\t<\/div>\n\n\t<!--\tThis outputs the post META information -->\n\t<div class=\"entry-utility\">\n\t\t\t\t\t<span class=\"cat-links\">\n\t\t\t\t<span class=\"entry-utility-prep entry-utility-prep-cat-links\">Posted in<\/span> <a href=\"https:\/\/schuetzenverein-langern.de\/start\/category\/aktivitaeten\/2018\/\" rel=\"category tag\">2018<\/a>\t\t\t<\/span>\n\t\t\t<span class=\"meta-sep\">|<\/span>\n\t\t\t\t\t\t<span class=\"comments-link\">\n\t\t\t<a href=\"https:\/\/schuetzenverein-langern.de\/start\/2018\/frauen-nachmittag-2018\/#respond\">Leave a comment<\/a>\t\t<\/span>\n\t\t\t<\/div>\n<\/div>\n<!-- \/\/ Post Wrap End -->\n\n<!-- NOTE: If you need to make changes to this file, copy it to your current theme's main\n\tdirectory so your changes won't be overwritten when the plugin is upgraded. -->\n\n<!-- Post Wrap Start-->\n<div class=\"post hentry ivycat-post\">\n\n\t<!-- \tThis outputs the post TITLE -->\n\t<h2 class=\"entry-title\"><a href=\"https:\/\/schuetzenverein-langern.de\/start\/2018\/2018-kordelschiessen\/\">Kordelschie\u00dfen<\/a><\/h2>\n\n\t<!-- \tThis outputs the post EXCERPT.  To display full content including images and html,\n\t\treplace the_excerpt(); with the_content();  below. -->\n\t<div class=\"entry-summary\">\n\t\t<p>Nach dreij\u00e4hriger Pause fand am 01.09.2018 das Kordelschie\u00dfen des Sch\u00fctzenvereins Langern statt. Eike Tiemann konnte sich nach \u00fcber 300 Schuss auf das Objekt als neuer Kordelk\u00f6nig durchsetzen.\u00a0<\/p>\n\t<\/div>\n\n\t<!--\tThis outputs the post META information -->\n\t<div class=\"entry-utility\">\n\t\t\t\t\t<span class=\"cat-links\">\n\t\t\t\t<span class=\"entry-utility-prep entry-utility-prep-cat-links\">Posted in<\/span> <a href=\"https:\/\/schuetzenverein-langern.de\/start\/category\/aktivitaeten\/2018\/\" rel=\"category tag\">2018<\/a>\t\t\t<\/span>\n\t\t\t<span class=\"meta-sep\">|<\/span>\n\t\t\t\t\t\t<span class=\"comments-link\">\n\t\t\t<a href=\"https:\/\/schuetzenverein-langern.de\/start\/2018\/2018-kordelschiessen\/#respond\">Leave a comment<\/a>\t\t<\/span>\n\t\t\t<\/div>\n<\/div>\n<!-- \/\/ Post Wrap End -->\n\n<!-- NOTE: If you need to make changes to this file, copy it to your current theme's main\n\tdirectory so your changes won't be overwritten when the plugin is upgraded. -->\n\n<!-- Post Wrap Start-->\n<div class=\"post hentry ivycat-post\">\n\n\t<!-- \tThis outputs the post TITLE -->\n\t<h2 class=\"entry-title\"><a href=\"https:\/\/schuetzenverein-langern.de\/start\/2018\/2018-ausmarsch-schuetzenverein-wethmar\/\">Ausmarsch Sch\u00fctzenverein Wethmar<\/a><\/h2>\n\n\t<!-- \tThis outputs the post EXCERPT.  To display full content including images and html,\n\t\treplace the_excerpt(); with the_content();  below. -->\n\t<div class=\"entry-summary\">\n\t\t<p>Der Sch\u00fctzenverein Wethmar wollte eigentlich einen ruhigen Abend auf dem Hof Ihres amtierenden K\u00f6nigpaares verbringen. Der Hof liegt aber leider im Hoerm und somit auf Langerner Gebiet. Der Sch\u00fctzenverein Langern hat es sich nicht nehmen lassen dem Sch\u00fctzenverein Wethmar einen<\/p>\n\t<\/div>\n\n\t<!--\tThis outputs the post META information -->\n\t<div class=\"entry-utility\">\n\t\t\t\t\t<span class=\"cat-links\">\n\t\t\t\t<span class=\"entry-utility-prep entry-utility-prep-cat-links\">Posted in<\/span> <a href=\"https:\/\/schuetzenverein-langern.de\/start\/category\/aktivitaeten\/2018\/\" rel=\"category tag\">2018<\/a>\t\t\t<\/span>\n\t\t\t<span class=\"meta-sep\">|<\/span>\n\t\t\t\t\t\t<span class=\"comments-link\">\n\t\t\t<a href=\"https:\/\/schuetzenverein-langern.de\/start\/2018\/2018-ausmarsch-schuetzenverein-wethmar\/#respond\">Leave a comment<\/a>\t\t<\/span>\n\t\t\t<\/div>\n<\/div>\n<!-- \/\/ Post Wrap End -->\n\n<!-- NOTE: If you need to make changes to this file, copy it to your current theme's main\n\tdirectory so your changes won't be overwritten when the plugin is upgraded. -->\n\n<!-- Post Wrap Start-->\n<div class=\"post hentry ivycat-post\">\n\n\t<!-- \tThis outputs the post TITLE -->\n\t<h2 class=\"entry-title\"><a href=\"https:\/\/schuetzenverein-langern.de\/start\/2018\/2018-schuetzenfest\/\">Sch\u00fctzenfest 2018<\/a><\/h2>\n\n\t<!-- \tThis outputs the post EXCERPT.  To display full content including images and html,\n\t\treplace the_excerpt(); with the_content();  below. -->\n\t<div class=\"entry-summary\">\n\t\t\t<\/div>\n\n\t<!--\tThis outputs the post META information -->\n\t<div class=\"entry-utility\">\n\t\t\t\t\t<span class=\"cat-links\">\n\t\t\t\t<span class=\"entry-utility-prep entry-utility-prep-cat-links\">Posted in<\/span> <a href=\"https:\/\/schuetzenverein-langern.de\/start\/category\/aktivitaeten\/2018\/\" rel=\"category tag\">2018<\/a>\t\t\t<\/span>\n\t\t\t<span class=\"meta-sep\">|<\/span>\n\t\t\t\t\t\t<span class=\"comments-link\">\n\t\t\t<a href=\"https:\/\/schuetzenverein-langern.de\/start\/2018\/2018-schuetzenfest\/#respond\">Leave a comment<\/a>\t\t<\/span>\n\t\t\t<\/div>\n<\/div>\n<!-- \/\/ Post Wrap End -->\n\n<!-- NOTE: If you need to make changes to this file, copy it to your current theme's main\n\tdirectory so your changes won't be overwritten when the plugin is upgraded. -->\n\n<!-- Post Wrap Start-->\n<div class=\"post hentry ivycat-post\">\n\n\t<!-- \tThis outputs the post TITLE -->\n\t<h2 class=\"entry-title\"><a href=\"https:\/\/schuetzenverein-langern.de\/start\/2018\/maibaum-aufstellen\/\">Maibaum aufstellen<\/a><\/h2>\n\n\t<!-- \tThis outputs the post EXCERPT.  To display full content including images and html,\n\t\treplace the_excerpt(); with the_content();  below. -->\n\t<div class=\"entry-summary\">\n\t\t\t<\/div>\n\n\t<!--\tThis outputs the post META information -->\n\t<div class=\"entry-utility\">\n\t\t\t\t\t<span class=\"cat-links\">\n\t\t\t\t<span class=\"entry-utility-prep entry-utility-prep-cat-links\">Posted in<\/span> <a href=\"https:\/\/schuetzenverein-langern.de\/start\/category\/aktivitaeten\/2018\/\" rel=\"category tag\">2018<\/a>\t\t\t<\/span>\n\t\t\t<span class=\"meta-sep\">|<\/span>\n\t\t\t\t\t\t<span class=\"comments-link\">\n\t\t\t<a href=\"https:\/\/schuetzenverein-langern.de\/start\/2018\/maibaum-aufstellen\/#respond\">Leave a comment<\/a>\t\t<\/span>\n\t\t\t<\/div>\n<\/div>\n<!-- \/\/ Post Wrap End -->\n\n<!-- NOTE: If you need to make changes to this file, copy it to your current theme's main\n\tdirectory so your changes won't be overwritten when the plugin is upgraded. -->\n\n<!-- Post Wrap Start-->\n<div class=\"post hentry ivycat-post\">\n\n\t<!-- \tThis outputs the post TITLE -->\n\t<h2 class=\"entry-title\"><a href=\"https:\/\/schuetzenverein-langern.de\/start\/2018\/2018-voruebung\/\">Vor\u00fcbung<\/a><\/h2>\n\n\t<!-- \tThis outputs the post EXCERPT.  To display full content including images and html,\n\t\treplace the_excerpt(); with the_content();  below. -->\n\t<div class=\"entry-summary\">\n\t\t\t<\/div>\n\n\t<!--\tThis outputs the post META information -->\n\t<div class=\"entry-utility\">\n\t\t\t\t\t<span class=\"cat-links\">\n\t\t\t\t<span class=\"entry-utility-prep entry-utility-prep-cat-links\">Posted in<\/span> <a href=\"https:\/\/schuetzenverein-langern.de\/start\/category\/aktivitaeten\/2018\/\" rel=\"category tag\">2018<\/a>\t\t\t<\/span>\n\t\t\t<span class=\"meta-sep\">|<\/span>\n\t\t\t\t\t\t<span class=\"comments-link\">\n\t\t\t<a href=\"https:\/\/schuetzenverein-langern.de\/start\/2018\/2018-voruebung\/#respond\">Leave a comment<\/a>\t\t<\/span>\n\t\t\t<\/div>\n<\/div>\n<!-- \/\/ Post Wrap End -->\n\n<!-- NOTE: If you need to make changes to this file, copy it to your current theme's main\n\tdirectory so your changes won't be overwritten when the plugin is upgraded. -->\n\n<!-- Post Wrap Start-->\n<div class=\"post hentry ivycat-post\">\n\n\t<!-- \tThis outputs the post TITLE -->\n\t<h2 class=\"entry-title\"><a href=\"https:\/\/schuetzenverein-langern.de\/start\/2018\/2018-pokalverleihung-der-gilde\/\">Pokalverleihung der Gilde<\/a><\/h2>\n\n\t<!-- \tThis outputs the post EXCERPT.  To display full content including images and html,\n\t\treplace the_excerpt(); with the_content();  below. -->\n\t<div class=\"entry-summary\">\n\t\t<p>&#8230; auf dem Hof H\u00f6rmann Fotos: Oskar K\u00f6ppen<\/p>\n\t<\/div>\n\n\t<!--\tThis outputs the post META information -->\n\t<div class=\"entry-utility\">\n\t\t\t\t\t<span class=\"cat-links\">\n\t\t\t\t<span class=\"entry-utility-prep entry-utility-prep-cat-links\">Posted in<\/span> <a href=\"https:\/\/schuetzenverein-langern.de\/start\/category\/aktivitaeten\/2018\/\" rel=\"category tag\">2018<\/a>\t\t\t<\/span>\n\t\t\t<span class=\"meta-sep\">|<\/span>\n\t\t\t\t\t\t<span class=\"comments-link\">\n\t\t\t<a href=\"https:\/\/schuetzenverein-langern.de\/start\/2018\/2018-pokalverleihung-der-gilde\/#respond\">Leave a comment<\/a>\t\t<\/span>\n\t\t\t<\/div>\n<\/div>\n<!-- \/\/ Post Wrap End -->\n\n","protected":false},"excerpt":{"rendered":"<p>Ein \u00dcberblick unserer Aktivit\u00e4ten im Jahre 2018<\/p>\n","protected":false},"author":1,"featured_media":0,"parent":44,"menu_order":0,"comment_status":"closed","ping_status":"closed","template":"","meta":{"_mc_calendar":[],"footnotes":""},"class_list":["post-132","page","type-page","status-publish","hentry"],"jetpack_sharing_enabled":true,"_links":{"self":[{"href":"https:\/\/schuetzenverein-langern.de\/start\/wp-json\/wp\/v2\/pages\/132","targetHints":{"allow":["GET"]}}],"collection":[{"href":"https:\/\/schuetzenverein-langern.de\/start\/wp-json\/wp\/v2\/pages"}],"about":[{"href":"https:\/\/schuetzenverein-langern.de\/start\/wp-json\/wp\/v2\/types\/page"}],"author":[{"embeddable":true,"href":"https:\/\/schuetzenverein-langern.de\/start\/wp-json\/wp\/v2\/users\/1"}],"replies":[{"embeddable":true,"href":"https:\/\/schuetzenverein-langern.de\/start\/wp-json\/wp\/v2\/comments?post=132"}],"version-history":[{"count":2,"href":"https:\/\/schuetzenverein-langern.de\/start\/wp-json\/wp\/v2\/pages\/132\/revisions"}],"predecessor-version":[{"id":164,"href":"https:\/\/schuetzenverein-langern.de\/start\/wp-json\/wp\/v2\/pages\/132\/revisions\/164"}],"up":[{"embeddable":true,"href":"https:\/\/schuetzenverein-langern.de\/start\/wp-json\/wp\/v2\/pages\/44"}],"wp:attachment":[{"href":"https:\/\/schuetzenverein-langern.de\/start\/wp-json\/wp\/v2\/media?parent=132"}],"curies":[{"name":"wp","href":"https:\/\/api.w.org\/{rel}","templated":true}]}}