{"id":2293,"date":"2023-02-10T10:25:18","date_gmt":"2023-02-10T10:25:18","guid":{"rendered":"https:\/\/schuetzenverein-langern.de\/start\/?page_id=2293"},"modified":"2023-02-10T10:26:54","modified_gmt":"2023-02-10T10:26:54","slug":"2023-2","status":"publish","type":"page","link":"https:\/\/schuetzenverein-langern.de\/start\/aktivitaeten\/2023-2\/","title":{"rendered":"2023"},"content":{"rendered":"\n<p>Ein \u00dcberblick unserer Aktivit\u00e4ten im Jahre 2023<br \/>\n<!-- NOTE: If you need to make changes to this file, copy it to your current theme's main\n\tdirectory so your changes won't be overwritten when the plugin is upgraded. -->\n\n<!-- Post Wrap Start-->\n<div class=\"post hentry ivycat-post\">\n\n\t<!-- \tThis outputs the post TITLE -->\n\t<h2 class=\"entry-title\"><a href=\"https:\/\/schuetzenverein-langern.de\/start\/2023\/weihnachtsmarkt-2023\/\">Weihnachtsmarkt 2023<\/a><\/h2>\n\n\t<!-- \tThis outputs the post EXCERPT.  To display full content including images and html,\n\t\treplace the_excerpt(); with the_content();  below. -->\n\t<div class=\"entry-summary\">\n\t\t\t<\/div>\n\n\t<!--\tThis outputs the post META information -->\n\t<div class=\"entry-utility\">\n\t\t\t\t\t<span class=\"cat-links\">\n\t\t\t\t<span class=\"entry-utility-prep entry-utility-prep-cat-links\">Posted in<\/span> <a href=\"https:\/\/schuetzenverein-langern.de\/start\/category\/aktivitaeten\/2023\/\" rel=\"category tag\">2023<\/a>\t\t\t<\/span>\n\t\t\t<span class=\"meta-sep\">|<\/span>\n\t\t\t\t\t\t<span class=\"comments-link\">\n\t\t\t<a href=\"https:\/\/schuetzenverein-langern.de\/start\/2023\/weihnachtsmarkt-2023\/#respond\">Leave a comment<\/a>\t\t<\/span>\n\t\t\t<\/div>\n<\/div>\n<!-- \/\/ Post Wrap End -->\n\n<!-- NOTE: If you need to make changes to this file, copy it to your current theme's main\n\tdirectory so your changes won't be overwritten when the plugin is upgraded. -->\n\n<!-- Post Wrap Start-->\n<div class=\"post hentry ivycat-post\">\n\n\t<!-- \tThis outputs the post TITLE -->\n\t<h2 class=\"entry-title\"><a href=\"https:\/\/schuetzenverein-langern.de\/start\/2023\/dorfreinigung-2023\/\">Dorfreinigung 2023<\/a><\/h2>\n\n\t<!-- \tThis outputs the post EXCERPT.  To display full content including images and html,\n\t\treplace the_excerpt(); with the_content();  below. -->\n\t<div class=\"entry-summary\">\n\t\t<p>Am 25.03.2023 fand unser allj\u00e4hrlicher Fr\u00fchjahrsputz in Langern statt! Passend zum Fr\u00fchling wurde das Dorf aufgeh\u00fcbscht! Der stellv. B\u00fcrgermeister Herr Wei\u00dfner richtete Gru\u00dfworte an die Teilnehmer und im Anschluss organisierten sich die Kleingruppen und zogen mit dem gestellten Equipment durch<\/p>\n\t<\/div>\n\n\t<!--\tThis outputs the post META information -->\n\t<div class=\"entry-utility\">\n\t\t\t\t\t<span class=\"cat-links\">\n\t\t\t\t<span class=\"entry-utility-prep entry-utility-prep-cat-links\">Posted in<\/span> <a href=\"https:\/\/schuetzenverein-langern.de\/start\/category\/aktivitaeten\/2023\/\" rel=\"category tag\">2023<\/a>\t\t\t<\/span>\n\t\t\t<span class=\"meta-sep\">|<\/span>\n\t\t\t\t\t\t<span class=\"comments-link\">\n\t\t\t<a href=\"https:\/\/schuetzenverein-langern.de\/start\/2023\/dorfreinigung-2023\/#respond\">Leave a comment<\/a>\t\t<\/span>\n\t\t\t<\/div>\n<\/div>\n<!-- \/\/ Post Wrap End -->\n\n<!-- NOTE: If you need to make changes to this file, copy it to your current theme's main\n\tdirectory so your changes won't be overwritten when the plugin is upgraded. -->\n\n<!-- Post Wrap Start-->\n<div class=\"post hentry ivycat-post\">\n\n\t<!-- \tThis outputs the post TITLE -->\n\t<h2 class=\"entry-title\"><a href=\"https:\/\/schuetzenverein-langern.de\/start\/2023\/jahreshauptversammlung-2023\/\">Jahreshauptversammlung 2023<\/a><\/h2>\n\n\t<!-- \tThis outputs the post EXCERPT.  To display full content including images and html,\n\t\treplace the_excerpt(); with the_content();  below. -->\n\t<div class=\"entry-summary\">\n\t\t<p>Am 25.02.2023 fand die Jahreshauptversammlung des Sch\u00fctzenvereins Langern im Dorfgemeinschaftshaus statt.<\/p>\n\t<\/div>\n\n\t<!--\tThis outputs the post META information -->\n\t<div class=\"entry-utility\">\n\t\t\t\t\t<span class=\"cat-links\">\n\t\t\t\t<span class=\"entry-utility-prep entry-utility-prep-cat-links\">Posted in<\/span> <a href=\"https:\/\/schuetzenverein-langern.de\/start\/category\/aktivitaeten\/2023\/\" rel=\"category tag\">2023<\/a>\t\t\t<\/span>\n\t\t\t<span class=\"meta-sep\">|<\/span>\n\t\t\t\t\t\t<span class=\"comments-link\">\n\t\t\t<a href=\"https:\/\/schuetzenverein-langern.de\/start\/2023\/jahreshauptversammlung-2023\/#respond\">Leave a comment<\/a>\t\t<\/span>\n\t\t\t<\/div>\n<\/div>\n<!-- \/\/ Post Wrap End -->\n\n<!-- NOTE: If you need to make changes to this file, copy it to your current theme's main\n\tdirectory so your changes won't be overwritten when the plugin is upgraded. -->\n\n<!-- Post Wrap Start-->\n<div class=\"post hentry ivycat-post\">\n\n\t<!-- \tThis outputs the post TITLE -->\n\t<h2 class=\"entry-title\"><a href=\"https:\/\/schuetzenverein-langern.de\/start\/2023\/spende-an-den-ambulanten-kinderhospizverein-luenen\/\">Spende an den ambulanten Kinderhospizverein L\u00fcnen<\/a><\/h2>\n\n\t<!-- \tThis outputs the post EXCERPT.  To display full content including images and html,\n\t\treplace the_excerpt(); with the_content();  below. -->\n\t<div class=\"entry-summary\">\n\t\t<p>Heute trafen wir uns zur Spenden\u00fcbergabe an den ambulanten Kinderhospizverein L\u00fcnen. Bei unserem traditionellen Weihnachtsbaumsch\u00e4tzen auf dem Weihnachtsmarkt im Dezember 2022 haben wir eine Summe von rund 800,00 \u20ac eingenommen. Der Rest wurde durch den Verein aufgestockt, sodass wir einen<\/p>\n\t<\/div>\n\n\t<!--\tThis outputs the post META information -->\n\t<div class=\"entry-utility\">\n\t\t\t\t\t<span class=\"cat-links\">\n\t\t\t\t<span class=\"entry-utility-prep entry-utility-prep-cat-links\">Posted in<\/span> <a href=\"https:\/\/schuetzenverein-langern.de\/start\/category\/aktivitaeten\/2023\/\" rel=\"category tag\">2023<\/a>\t\t\t<\/span>\n\t\t\t<span class=\"meta-sep\">|<\/span>\n\t\t\t\t\t\t<span class=\"comments-link\">\n\t\t\t<a href=\"https:\/\/schuetzenverein-langern.de\/start\/2023\/spende-an-den-ambulanten-kinderhospizverein-luenen\/#respond\">Leave a comment<\/a>\t\t<\/span>\n\t\t\t<\/div>\n<\/div>\n<!-- \/\/ Post Wrap End -->\n<\/p>\n","protected":false},"excerpt":{"rendered":"<p>Ein \u00dcberblick unserer Aktivit\u00e4ten im Jahre 2023<\/p>\n","protected":false},"author":1,"featured_media":0,"parent":44,"menu_order":0,"comment_status":"closed","ping_status":"closed","template":"","meta":{"_mc_calendar":[],"footnotes":""},"class_list":["post-2293","page","type-page","status-publish","hentry"],"jetpack_sharing_enabled":true,"_links":{"self":[{"href":"https:\/\/schuetzenverein-langern.de\/start\/wp-json\/wp\/v2\/pages\/2293","targetHints":{"allow":["GET"]}}],"collection":[{"href":"https:\/\/schuetzenverein-langern.de\/start\/wp-json\/wp\/v2\/pages"}],"about":[{"href":"https:\/\/schuetzenverein-langern.de\/start\/wp-json\/wp\/v2\/types\/page"}],"author":[{"embeddable":true,"href":"https:\/\/schuetzenverein-langern.de\/start\/wp-json\/wp\/v2\/users\/1"}],"replies":[{"embeddable":true,"href":"https:\/\/schuetzenverein-langern.de\/start\/wp-json\/wp\/v2\/comments?post=2293"}],"version-history":[{"count":1,"href":"https:\/\/schuetzenverein-langern.de\/start\/wp-json\/wp\/v2\/pages\/2293\/revisions"}],"predecessor-version":[{"id":2294,"href":"https:\/\/schuetzenverein-langern.de\/start\/wp-json\/wp\/v2\/pages\/2293\/revisions\/2294"}],"up":[{"embeddable":true,"href":"https:\/\/schuetzenverein-langern.de\/start\/wp-json\/wp\/v2\/pages\/44"}],"wp:attachment":[{"href":"https:\/\/schuetzenverein-langern.de\/start\/wp-json\/wp\/v2\/media?parent=2293"}],"curies":[{"name":"wp","href":"https:\/\/api.w.org\/{rel}","templated":true}]}}