{"id":43,"date":"2018-09-05T13:03:29","date_gmt":"2018-09-05T13:03:29","guid":{"rendered":"http:\/\/s752422391.online.de\/?page_id=43"},"modified":"2026-02-26T15:27:42","modified_gmt":"2026-02-26T15:27:42","slug":"ueber-uns","status":"publish","type":"page","link":"https:\/\/schuetzenverein-langern.de\/start\/ueber-uns\/","title":{"rendered":"\u00dcber Uns"},"content":{"rendered":"<div id=\"matrix_34569\" class=\"sortable-matrix\" data-matrixid=\"34569\">\n<div class=\"n module-type-header diyfeLiveArea \">\n<p>Der 1925 gegr\u00fcndete Sch\u00fctzenverein Langern e.V. besteht aus ca. 160 Mitgliedern.<\/p>\n<\/div>\n<div class=\"n module-type-text diyfeLiveArea \">\n<p>Unser Verein ist Mitglied der IG der Sch\u00fctzenvereine Werne<\/p>\n<p>Weitere Sch\u00fctzenvereine in Werne sind:<\/p>\n<p><a href=\"http:\/\/www.buerger-schuetzenverein.de\/\" target=\"_blank\" rel=\"noopener\">B\u00fcrgersch\u00fctzenverein Werne<\/a><br \/>\n<a href=\"http:\/\/www.nierstenholz.de\/\" target=\"_blank\" rel=\"noopener\">Sch\u00fctzenverein Am Nierstenholz<\/a><br \/>\n<a href=\"http:\/\/www.schuetzenverein-baaken.de\/\" target=\"_blank\" rel=\"noopener\">Sch\u00fctzenverein Baaken<\/a><br \/>\n<a href=\"http:\/\/www.frohsinn07-werne.de\/\" target=\"_blank\" rel=\"noopener\">Sch\u00fctzenverein Frohsinn 07<\/a><br \/>\n<a href=\"http:\/\/www.werne-horst.de\/index.php\/schuetzenverein-horst-und-wessel\" target=\"_blank\" rel=\"noopener\">Sch\u00fctzenverein St. Hubertus \/ Horst Wessel<\/a><br \/>\n<strong>Sch\u00fctzenverein Langern<br \/>\n<\/strong><a href=\"http:\/\/www.xn--schtzenverein-ltkeheide-epcm.de\/\" target=\"_blank\" rel=\"noopener\">Sch\u00fctzenverein L\u00fctkeheide<\/a><br \/>\n<a href=\"http:\/\/www.schuetzenverein-v-e.de\/\" target=\"_blank\" rel=\"noopener\">Sch\u00fctzenverein Varnh\u00f6vel-Ehringhausen<\/a><br \/>\n<a href=\"http:\/\/www.stockum1860.de\/\" target=\"_blank\" rel=\"noopener\">Sch\u00fctzenverein Werne-Stockum 1860<\/a><br \/>\nSch\u00fctzenverein St. Hubertus Holthausen-Schmintrup<\/p>\n<\/div>\n<\/div>\n","protected":false},"excerpt":{"rendered":"<p>Der 1925 gegr\u00fcndete Sch\u00fctzenverein Langern e.V. besteht aus ca. 160 Mitgliedern. Unser Verein ist Mitglied der IG der Sch\u00fctzenvereine Werne Weitere Sch\u00fctzenvereine in Werne sind: B\u00fcrgersch\u00fctzenverein Werne Sch\u00fctzenverein Am Nierstenholz Sch\u00fctzenverein Baaken Sch\u00fctzenverein Frohsinn 07 Sch\u00fctzenverein St. Hubertus \/ Horst<\/p>\n","protected":false},"author":1,"featured_media":0,"parent":0,"menu_order":0,"comment_status":"closed","ping_status":"closed","template":"","meta":{"_mc_calendar":[],"footnotes":""},"class_list":["post-43","page","type-page","status-publish","hentry"],"jetpack_sharing_enabled":true,"_links":{"self":[{"href":"https:\/\/schuetzenverein-langern.de\/start\/wp-json\/wp\/v2\/pages\/43","targetHints":{"allow":["GET"]}}],"collection":[{"href":"https:\/\/schuetzenverein-langern.de\/start\/wp-json\/wp\/v2\/pages"}],"about":[{"href":"https:\/\/schuetzenverein-langern.de\/start\/wp-json\/wp\/v2\/types\/page"}],"author":[{"embeddable":true,"href":"https:\/\/schuetzenverein-langern.de\/start\/wp-json\/wp\/v2\/users\/1"}],"replies":[{"embeddable":true,"href":"https:\/\/schuetzenverein-langern.de\/start\/wp-json\/wp\/v2\/comments?post=43"}],"version-history":[{"count":9,"href":"https:\/\/schuetzenverein-langern.de\/start\/wp-json\/wp\/v2\/pages\/43\/revisions"}],"predecessor-version":[{"id":2581,"href":"https:\/\/schuetzenverein-langern.de\/start\/wp-json\/wp\/v2\/pages\/43\/revisions\/2581"}],"wp:attachment":[{"href":"https:\/\/schuetzenverein-langern.de\/start\/wp-json\/wp\/v2\/media?parent=43"}],"curies":[{"name":"wp","href":"https:\/\/api.w.org\/{rel}","templated":true}]}}